{"id":39,"date":"2020-11-28T15:53:02","date_gmt":"2020-11-28T14:53:02","guid":{"rendered":"http:\/\/pascal-carfantan.com\/?page_id=39"},"modified":"2021-02-12T01:03:14","modified_gmt":"2021-02-12T00:03:14","slug":"les-applications-de-la-sophrologie","status":"publish","type":"page","link":"https:\/\/pascal-carfantan.com\/index.php\/les-applications-de-la-sophrologie\/","title":{"rendered":"Les applications de la sophrologie"},"content":{"rendered":"\n<p><strong><u>Pour Qui?<\/u><\/strong><strong><\/strong><\/p>\n\n\n\n<p>Les adultes, les adolescents et les enfants.<\/p>\n\n\n\n<p><strong><u>Pour Quoi&nbsp;?<\/u><\/strong><\/p>\n\n\n\n<p>La Sophrologie a pour but&nbsp;de:<\/p>\n\n\n\n<ul><li>Am\u00e9liorer votre sant\u00e9 physique et mentale<\/li><li>Am\u00e9liorer votre sommeil<\/li><li>D\u00e9velopper votre confiance et votre estime<\/li><li>D\u00e9velopper votre cr\u00e9ativit\u00e9<\/li><li>Am\u00e9liorer votre concentration<\/li><li>G\u00e9rer votre stress<\/li><li>Diminuer l&#8217;anxi\u00e9t\u00e9 et les angoisses<\/li><li>Pr\u00e9venir le burn-out et le gu\u00e9rir<\/li><li>G\u00e9rer votre fibromyalgie<\/li><li>Vous pr\u00e9parer aux entretiens d\u2019embauches<\/li><li>Vous pr\u00e9parer aux examens \u00e9crits et oraux<\/li><li>Vous pr\u00e9parer \u00e0 une comp\u00e9tition sportive<\/li><li>Vous pr\u00e9parer au permis de conduire<\/li><li>Mettre \u00e0 distance vos acouph\u00e8nes<\/li><\/ul>\n","protected":false},"excerpt":{"rendered":"<p>Pour Qui? Les adultes, les adolescents et les enfants. Pour Quoi&nbsp;? La Sophrologie a pour but&nbsp;de: Am\u00e9liorer votre sant\u00e9 physique et mentale Am\u00e9liorer votre sommeil D\u00e9velopper votre confiance et votre estime D\u00e9velopper votre cr\u00e9ativit\u00e9 Am\u00e9liorer votre concentration G\u00e9rer votre stress Diminuer l&#8217;anxi\u00e9t\u00e9 et les angoisses Pr\u00e9venir le burn-out et le gu\u00e9rir G\u00e9rer votre fibromyalgie Vous [&hellip;]<\/p>\n","protected":false},"author":1,"featured_media":0,"parent":0,"menu_order":0,"comment_status":"closed","ping_status":"closed","template":"","meta":[],"_links":{"self":[{"href":"https:\/\/pascal-carfantan.com\/index.php\/wp-json\/wp\/v2\/pages\/39"}],"collection":[{"href":"https:\/\/pascal-carfantan.com\/index.php\/wp-json\/wp\/v2\/pages"}],"about":[{"href":"https:\/\/pascal-carfantan.com\/index.php\/wp-json\/wp\/v2\/types\/page"}],"author":[{"embeddable":true,"href":"https:\/\/pascal-carfantan.com\/index.php\/wp-json\/wp\/v2\/users\/1"}],"replies":[{"embeddable":true,"href":"https:\/\/pascal-carfantan.com\/index.php\/wp-json\/wp\/v2\/comments?post=39"}],"version-history":[{"count":3,"href":"https:\/\/pascal-carfantan.com\/index.php\/wp-json\/wp\/v2\/pages\/39\/revisions"}],"predecessor-version":[{"id":160,"href":"https:\/\/pascal-carfantan.com\/index.php\/wp-json\/wp\/v2\/pages\/39\/revisions\/160"}],"wp:attachment":[{"href":"https:\/\/pascal-carfantan.com\/index.php\/wp-json\/wp\/v2\/media?parent=39"}],"curies":[{"name":"wp","href":"https:\/\/api.w.org\/{rel}","templated":true}]}}