{"id":15,"date":"2020-11-28T15:41:31","date_gmt":"2020-11-28T14:41:31","guid":{"rendered":"http:\/\/pascal-carfantan.com\/?page_id=15"},"modified":"2023-03-16T22:52:44","modified_gmt":"2023-03-16T21:52:44","slug":"entreprises","status":"publish","type":"page","link":"https:\/\/pascal-carfantan.com\/index.php\/entreprises\/","title":{"rendered":"Entreprise &#8211; \u00c9cole"},"content":{"rendered":"\n<p><strong>LES ENTREPRISES , LES ASSOCIATIONS<\/strong><\/p>\n\n\n\n<p>Et si la sant\u00e9 de votre entreprise&nbsp;passait par le mieux-\u00eatre de vos salari\u00e9s&nbsp;?<\/p>\n\n\n\n<p>1- FORMATION QUALIT\u00c9 DE VIE TRAVAIL<\/p>\n\n\n\n<p>Objectif :&nbsp;Am\u00e9liorer la Qualit\u00e9 de Vie au Travail.<\/p>\n\n\n\n<p>La sophrologie a une action pr\u00e9ventive en r\u00e9duisant les risques psychosociaux et les troubles musculo-squelettiques. Elle contribue ainsi \u00e0 d\u00e9velopper la qualit\u00e9 de vie au travail, la performance et permet de r\u00e9duire l\u2019absent\u00e9isme et les&nbsp;accidents de travail.<\/p>\n\n\n\n<p>La sophrologie est donc un v\u00e9ritable outil de gestion des ressources humaines.<\/p>\n\n\n\n<p>Public:&nbsp;Entreprises priv\u00e9es et publiques, Associations.<\/p>\n\n\n\n<p>Contenu de la formation:&nbsp;&nbsp;Ces prestations de formation permettent d\u2019aborder des th\u00e9matiques diverses en tenant compte de la demande des entreprises et des attentes des participants&nbsp;:<\/p>\n\n\n\n<ul><li>gestion du stress <\/li><li>diminution de l&#8217;anxi\u00e9t\u00e9<\/li><li>gestion des \u00e9motions<\/li><li>am\u00e9lioration du sommeil<\/li><li>pr\u00e9venir l\u2019\u00e9puisement et le burn-out.<\/li><\/ul>\n\n\n\n<p>Ces prestations comportent un volet th\u00e9orique, qui synth\u00e9tise les informations essentielles sur le sujet, mais aussi&nbsp;un volet pratique destin\u00e9 \u00e0&nbsp;l\u2019acquisition de techniques par les outils de la sophrologie, l\u2019hypnose et la m\u00e9ditation pleine conscience.<\/p>\n\n\n\n<p>Par son action pr\u00e9ventive, la formation QVT contribue activement \u00e0 r\u00e9duire les RPS, risques psychosociaux, et \u00e0 d\u00e9velopper la qualit\u00e9 de vie au travail. C\u2019est donc un v\u00e9ritable outil de gestion des ressources humaines.<\/p>\n\n\n\n<p>Modalit\u00e9\u00a0:\u00a0Animation d\u2019un collectif groupe de 4 \u00e0 16 personnes<\/p>\n\n\n\n<p>Dur\u00e9e :&nbsp;1\/2 journ\u00e9e de 3h ou 4h \u2013 Journ\u00e9e&nbsp;de 7h<\/p>\n\n\n\n<p>2- FORMATION BIEN-\u00caTRE<\/p>\n\n\n\n<p>Objectif :&nbsp; &nbsp; Proposer plusieurs  s\u00e9ances de sophrologie d&#8217;une heure en pr\u00e9sentiel ou en visio-conf\u00e9rence afin d&#8217;apporter du bien-\u00eatre \u00e0 vos salari\u00e9s. <\/p>\n\n\n\n<p>Modalit\u00e9&nbsp;:&nbsp;Animation d\u2019un collectif groupe de 4 \u00e0 15 personnes en pr\u00e9sentiel ou visioconf\u00e9rence<\/p>\n\n\n\n<p>Dur\u00e9e :&nbsp;1h <\/p>\n\n\n\n<p>3- TARIF&nbsp;: Votre entreprise est unique.&nbsp; Je m\u2019adapte \u00e0 vos besoins&nbsp; et vos demandes&nbsp; particuli\u00e8res. Les tarifs sont comme nos prestations : sur mesure<\/p>\n\n\n\n<p>Envoyez-moi un mail \u00e0&nbsp;<a>pascal.carfantan@gmail.com<\/a><\/p>\n\n\n\n<p>Mobilit\u00e9&nbsp;: Je peux intervenir sur toute la France.<\/p>\n\n\n\n<p>Comp\u00e9tences&nbsp;:<\/p>\n\n\n\n<p>Fortement impliqu\u00e9 depuis plusieurs ann\u00e9es dans le champ de la formation des adultes, j\u2019interviens principalement dans le d\u00e9veloppement des comp\u00e9tences cl\u00e9s pour les salari\u00e9s d\u2019entreprises d\u00e9sireux de pouvoir \u00e9voluer professionnellement. J\u2019ai collabor\u00e9 en tant que consultant formateur \u00e0 divers dispositifs de formation comp\u00e9tences cl\u00e9 (CLEA \u2013 Socle de comp\u00e9tences professionnelles) d\u00e9ploy\u00e9 par Mayor Formation en direction de diff\u00e9rentes branches professionnelles (H\u00f4tellerie, Sant\u00e9, Propret\u00e9, Traitement des d\u00e9chets, B\u00e2timent) \u2013 Nicollin, Accor, Aurore, Valoram, Caisse des \u00e9coles Paris.<\/p>\n\n\n\n<p>Exp\u00e9riences&nbsp;:<\/p>\n\n\n\n<p>J\u2019anime des s\u00e9ances hebdomadaires de sophrologie en pr\u00e9sentiel ou en visioconf\u00e9rence, pour des groupes de 8 \u00e0 16 personnes, au centre LGBTQI+ de Paris, \u00e0 l\u2019ALJT (association pour le logement des jeunes travailleurs), \u00e0 Paris Anim&#8217; Centre Ravel, et ponctuellement dans des \u00e9coles ou associations tels que URACA (Unit\u00e9 de R\u00e9flexion et d\u2019Action des Communaut\u00e9s Africaines).<\/p>\n\n\n\n<p>J&#8217;ai anim\u00e9&nbsp;\u00e9galement, en entreprises en pr\u00e9sentiel ou en visioconf\u00e9rence sur Zoom, des journ\u00e9es bien-\u00eatre au travail chez Twelve Consulting est un cabinet de conseil ,&nbsp;Orange Business Services, TUI France&#8230; J&#8217;ai \u00e9t\u00e9&nbsp;b\u00e9n\u00e9vole au Samu Social de Paris.<\/p>\n\n\n\n<p><strong>LES \u00c9COLES<\/strong><\/p>\n\n\n\n<p>Le dossier du T\u00e9l\u00e9rama de novembre 2019, \u00ab&nbsp;Nos ados vont craquer&nbsp;\u00bb fait \u00e9tat d\u2019une inqui\u00e9tude des professionnels de sant\u00e9. En effet, le burn-out scolaire touche de plus en plus d\u2019ados et d\u2019enfants. \u00ab&nbsp;Je recevais un jeune par an pour craquage nerveux, d\u00e9pression, burn-out. Ils sont d\u00e9sormais plus de cinq par semaine&nbsp;\u00bb nous informe B\u00e9atrice Mill\u00eatre, psychoth\u00e9rapeute. Beaucoup de parents mettent une forte pression sur leurs ados. \u00ab&nbsp;Je suis un bon parent si mon enfant a de bonnes notes \u00e0 l\u2019\u00e9cole&nbsp;\u00bb. Les professeurs Doepker et Zilibotti s\u2019inqui\u00e8tent de ses parents qui marquent \u00e0 la culotte leur prog\u00e9niture pour pr\u00e9venir tous les dangers et qui s\u2019impliquent fortement dans leur scolarit\u00e9.<\/p>\n\n\n\n<p>La sophrologie est un outil formidable aussi bien pour ses jeunes que pour le corps enseignants afin de<\/p>\n\n\n\n<ul><li>diminuer le stress<\/li><li>diminuer l\u2019anxi\u00e9t\u00e9 et les angoisses,<\/li><li>am\u00e9liorer le sommeil<\/li><li>am\u00e9liorer la concentration<\/li><li>revenir \u00e0 son corps, se poser,<\/li><li>diminuer les tensions corporelles<\/li><li>pr\u00e9venir l\u2019\u00e9puisement et le burn-out.<\/li><li>pr\u00e9parer les examens<\/li><\/ul>\n\n\n\n<p>Par ailleurs, j\u2019ai&nbsp; une exp\u00e9rience significative en tant qu\u2019enseignant aupr\u00e8s des publics jeunes en apprentissage dans les cursus technologiques.<\/p>\n\n\n\n<p>Objectif :&nbsp; Proposer plusieurs s\u00e9ances de sophrologie d&#8217;une heure en pr\u00e9sentiel ou en visioconf\u00e9rence afin d&#8217;apporter du bien-\u00eatre \u00e0 vos \u00e9l\u00e8ves ou vos enseignants.<\/p>\n\n\n\n<p>Modalit\u00e9&nbsp;:&nbsp;Animation d\u2019un collectif groupe de 4 \u00e0 16 personnes en pr\u00e9sentiel ou visioconf\u00e9rence.<\/p>\n\n\n\n<p>Tarif: Envoyez-moi un mail \u00e0&nbsp;<a>pascal.carfantan@gmail.com<\/a><\/p>\n","protected":false},"excerpt":{"rendered":"<p>LES ENTREPRISES , LES ASSOCIATIONS Et si la sant\u00e9 de votre entreprise&nbsp;passait par le mieux-\u00eatre de vos salari\u00e9s&nbsp;? 1- FORMATION QUALIT\u00c9 DE VIE TRAVAIL Objectif :&nbsp;Am\u00e9liorer la Qualit\u00e9 de Vie au Travail. La sophrologie a une action pr\u00e9ventive en r\u00e9duisant les risques psychosociaux et les troubles musculo-squelettiques. Elle contribue ainsi \u00e0 d\u00e9velopper la qualit\u00e9 de [&hellip;]<\/p>\n","protected":false},"author":1,"featured_media":0,"parent":0,"menu_order":0,"comment_status":"closed","ping_status":"closed","template":"","meta":[],"_links":{"self":[{"href":"https:\/\/pascal-carfantan.com\/index.php\/wp-json\/wp\/v2\/pages\/15"}],"collection":[{"href":"https:\/\/pascal-carfantan.com\/index.php\/wp-json\/wp\/v2\/pages"}],"about":[{"href":"https:\/\/pascal-carfantan.com\/index.php\/wp-json\/wp\/v2\/types\/page"}],"author":[{"embeddable":true,"href":"https:\/\/pascal-carfantan.com\/index.php\/wp-json\/wp\/v2\/users\/1"}],"replies":[{"embeddable":true,"href":"https:\/\/pascal-carfantan.com\/index.php\/wp-json\/wp\/v2\/comments?post=15"}],"version-history":[{"count":10,"href":"https:\/\/pascal-carfantan.com\/index.php\/wp-json\/wp\/v2\/pages\/15\/revisions"}],"predecessor-version":[{"id":478,"href":"https:\/\/pascal-carfantan.com\/index.php\/wp-json\/wp\/v2\/pages\/15\/revisions\/478"}],"wp:attachment":[{"href":"https:\/\/pascal-carfantan.com\/index.php\/wp-json\/wp\/v2\/media?parent=15"}],"curies":[{"name":"wp","href":"https:\/\/api.w.org\/{rel}","templated":true}]}}