{"id":11,"date":"2020-11-28T15:37:07","date_gmt":"2020-11-28T14:37:07","guid":{"rendered":"http:\/\/pascal-carfantan.com\/?page_id=11"},"modified":"2025-12-16T14:40:14","modified_gmt":"2025-12-16T13:40:14","slug":"les-seances","status":"publish","type":"page","link":"https:\/\/pascal-carfantan.com\/index.php\/les-seances\/","title":{"rendered":"S\u00e9ances &#8211; Tarifs"},"content":{"rendered":"\n<p><em>La sophrologie et l\u2019hypnose ne remplacent pas la m\u00e9decine traditionnelle et ses traitements. Elles peuvent venir en compl\u00e9ment d\u2019un accompagnement psychologique et\/ou d\u2019un traitement m\u00e9dical.<\/em><\/p>\n\n\n\n<p><strong>Tarifs<\/strong>:<\/p>\n\n\n\n<p>Consultation sur rendez-vous uniquement&nbsp;:<\/p>\n\n\n\n<p>S\u00e9ance d\u2019hypnose: 90 \u20ac au cabinet ou chez vous <\/p>\n\n\n\n<p>S\u00e9ance de sophrologie: 80\u20ac au cabinet ou chez vous<\/p>\n\n\n\n<p><\/p>\n\n\n\n<p>Moyens de paiement&nbsp;: ch\u00e8que ou esp\u00e8ces ou Lydia<\/p>\n\n\n\n<p><strong>S\u00e9ance individuelle<\/strong>:<\/p>\n\n\n\n<p>La premi\u00e8re s\u00e9ance dure 1h30, d\u00e9bute par un temps d\u2019\u00e9coute et d\u2019\u00e9changes qui permettra de mieux vous conna\u00eetre et de d\u00e9terminer votre objectif. Puis vient en suite la pratique afin de vous aider \u00e0 atteindre votre objectif.<\/p>\n\n\n\n<p>Les autres s\u00e9ances durent 1h \u00e0 1h30. Elles d\u00e9butent par un temps d\u2019\u00e9coute et d\u2019\u00e9changes qui permettra de faire un point et voir si votre objectif reste le m\u00eame ou s\u2019il a boug\u00e9.<\/p>\n\n\n\n<p><strong>En sophrologie<\/strong>&nbsp;:<\/p>\n\n\n\n<p>Pendant la s\u00e9ance, je vous guide \u00e0 travers des exercices de respiration, de relaxation dynamique. Il s\u2019agit tout d\u2019abord de faire dispara\u00eetre vos tensions musculaires. Ensuite vient le moment de la relaxation statique. Il faut alors fermer vos yeux et vous laisser porter par ma voix. Votre corps se d\u00e9tend et vous commencez \u00e0 l\u00e2cher prise et \u00e0 vous laisser guider. Une fois parvenu au rel\u00e2chement, je vous aide \u00e0 visualiser des images positives, ce qu\u2019on appelle la somatisation positive. Puis pour finir, un temps&nbsp;est consacr\u00e9 \u00e0 votre ph\u00e9no-description, \u00e9crire ou dire vos ressentis de la s\u00e9ance.<\/p>\n\n\n\n<p><strong>En hypnose<\/strong>&nbsp;:<\/p>\n\n\n\n<p>Au cours de la s\u00e9ance, je vous accompagne vers un \u00e9tat conscience modifi\u00e9e afin d\u2019activer vos ressources inconscientes et les changements n\u00e9cessaires \u00e0 l\u2019atteinte de votre objectif. Puis pour finir des prescription de t\u00e2ches peuvent d\u2019\u00eatre donn\u00e9es \u00e0 faire les jours suivants.<\/p>\n\n\n\n<p><\/p>\n\n\n\n<p><\/p>\n\n\n\n<p><\/p>\n\n\n\n<p><\/p>\n\n\n\n<p><em>Toutes s\u00e9ances non d\u00e9command\u00e9es 48h \u00e0 l\u2019avance sont dues.<\/em><\/p>\n","protected":false},"excerpt":{"rendered":"<p>La sophrologie et l\u2019hypnose ne remplacent pas la m\u00e9decine traditionnelle et ses traitements. Elles peuvent venir en compl\u00e9ment d\u2019un accompagnement psychologique et\/ou d\u2019un traitement m\u00e9dical. Tarifs: Consultation sur rendez-vous uniquement&nbsp;: S\u00e9ance d\u2019hypnose: 90 \u20ac au cabinet ou chez vous S\u00e9ance de sophrologie: 80\u20ac au cabinet ou chez vous Moyens de paiement&nbsp;: ch\u00e8que ou esp\u00e8ces ou [&hellip;]<\/p>\n","protected":false},"author":1,"featured_media":0,"parent":0,"menu_order":0,"comment_status":"closed","ping_status":"closed","template":"","meta":[],"_links":{"self":[{"href":"https:\/\/pascal-carfantan.com\/index.php\/wp-json\/wp\/v2\/pages\/11"}],"collection":[{"href":"https:\/\/pascal-carfantan.com\/index.php\/wp-json\/wp\/v2\/pages"}],"about":[{"href":"https:\/\/pascal-carfantan.com\/index.php\/wp-json\/wp\/v2\/types\/page"}],"author":[{"embeddable":true,"href":"https:\/\/pascal-carfantan.com\/index.php\/wp-json\/wp\/v2\/users\/1"}],"replies":[{"embeddable":true,"href":"https:\/\/pascal-carfantan.com\/index.php\/wp-json\/wp\/v2\/comments?post=11"}],"version-history":[{"count":12,"href":"https:\/\/pascal-carfantan.com\/index.php\/wp-json\/wp\/v2\/pages\/11\/revisions"}],"predecessor-version":[{"id":663,"href":"https:\/\/pascal-carfantan.com\/index.php\/wp-json\/wp\/v2\/pages\/11\/revisions\/663"}],"wp:attachment":[{"href":"https:\/\/pascal-carfantan.com\/index.php\/wp-json\/wp\/v2\/media?parent=11"}],"curies":[{"name":"wp","href":"https:\/\/api.w.org\/{rel}","templated":true}]}}